{"id":3,"date":"2025-04-24T11:32:40","date_gmt":"2025-04-24T09:32:40","guid":{"rendered":"http:\/\/oscar-havane.com\/?page_id=3"},"modified":"2025-05-03T22:46:42","modified_gmt":"2025-05-03T20:46:42","slug":"politique-de-confidentialite","status":"publish","type":"page","link":"https:\/\/oscar-havane.com\/index.php\/politique-de-confidentialite\/","title":{"rendered":"Politique de confidentialit\u00e9"},"content":{"rendered":"\n<p><strong>Derni\u00e8re mise \u00e0 jour : 03\/05\/2025<\/strong><\/p>\n\n\n\n<p>La pr\u00e9sente politique de confidentialit\u00e9 a pour but d\u2019informer les utilisateurs du site <strong>Oscar Havane<\/strong> (<a class=\"\" href=\"https:\/\/www.oscarhavane.com\">https:\/\/www.oscar-havane.com<\/a>) de la mani\u00e8re dont leurs donn\u00e9es personnelles sont collect\u00e9es, utilis\u00e9es et prot\u00e9g\u00e9es, conform\u00e9ment au R\u00e8glement G\u00e9n\u00e9ral sur la Protection des Donn\u00e9es (RGPD).<\/p>\n\n\n\n<h2 class=\"wp-block-heading\">Responsable du traitement<\/h2>\n\n\n\n<p>Le responsable du traitement des donn\u00e9es personnelles est :<\/p>\n\n\n\n<p><strong>J\u00e9r\u00e9my Griozel<\/strong><br>Email : <a>contact@oscar-havane.com<\/a><\/p>\n\n\n\n<h2 class=\"wp-block-heading\">Donn\u00e9es collect\u00e9es<\/h2>\n\n\n\n<p>Nous collectons uniquement les donn\u00e9es n\u00e9cessaires \u00e0 la bonne gestion de notre activit\u00e9, notamment dans les cas suivants :<\/p>\n\n\n\n<ul class=\"wp-block-list\">\n<li>Lors de l\u2019envoi d\u2019un message via le formulaire de contact<\/li>\n\n\n\n<li>Lors de l\u2019inscription \u00e0 la newsletter (si applicable)<\/li>\n\n\n\n<li>Lors d\u2019un achat en ligne (si applicable)<\/li>\n<\/ul>\n\n\n\n<p>Les donn\u00e9es collect\u00e9es peuvent inclure :<\/p>\n\n\n\n<ul class=\"wp-block-list\">\n<li>Nom, pr\u00e9nom<\/li>\n\n\n\n<li>Adresse email<\/li>\n\n\n\n<li>Adresse postale (en cas de commande)<\/li>\n\n\n\n<li>Informations de paiement (trait\u00e9es par un prestataire s\u00e9curis\u00e9, non stock\u00e9es par nous)<\/li>\n\n\n\n<li>Toute autre information volontairement transmise<\/li>\n<\/ul>\n\n\n\n<h2 class=\"wp-block-heading\">Finalit\u00e9s du traitement<\/h2>\n\n\n\n<p>Les donn\u00e9es collect\u00e9es servent \u00e0 :<\/p>\n\n\n\n<ul class=\"wp-block-list\">\n<li>R\u00e9pondre aux messages envoy\u00e9s via le formulaire de contact<\/li>\n\n\n\n<li>G\u00e9rer les commandes, exp\u00e9ditions et facturations<\/li>\n\n\n\n<li>Envoyer des communications (newsletter, offres, informations produits), si vous y avez consenti<\/li>\n\n\n\n<li>Am\u00e9liorer notre site et nos services<\/li>\n<\/ul>\n\n\n\n<h2 class=\"wp-block-heading\">Partage des donn\u00e9es<\/h2>\n\n\n\n<p>Vos donn\u00e9es personnelles ne sont <strong>jamais vendues<\/strong>.<br>Elles peuvent \u00eatre partag\u00e9es uniquement avec des prestataires de services de confiance pour :<\/p>\n\n\n\n<ul class=\"wp-block-list\">\n<li>L\u2019h\u00e9bergement du site<\/li>\n\n\n\n<li>Le traitement des paiements<\/li>\n\n\n\n<li>L\u2019exp\u00e9dition des commandes<\/li>\n\n\n\n<li>L\u2019envoi d\u2019emails (newsletter)<\/li>\n<\/ul>\n\n\n\n<p>Ces prestataires sont soumis \u00e0 des obligations de confidentialit\u00e9 strictes.<\/p>\n\n\n\n<h2 class=\"wp-block-heading\">Dur\u00e9e de conservation<\/h2>\n\n\n\n<p>Les donn\u00e9es sont conserv\u00e9es :<\/p>\n\n\n\n<ul class=\"wp-block-list\">\n<li>Aussi longtemps que n\u00e9cessaire pour les finalit\u00e9s d\u00e9crites<\/li>\n\n\n\n<li>Jusqu\u2019\u00e0 votre demande de suppression ou de d\u00e9sinscription (notamment pour la newsletter)<\/li>\n<\/ul>\n\n\n\n<h2 class=\"wp-block-heading\">Vos droits<\/h2>\n\n\n\n<p>Conform\u00e9ment au RGPD, vous disposez des droits suivants :<\/p>\n\n\n\n<ul class=\"wp-block-list\">\n<li>Droit d\u2019acc\u00e8s, de rectification et de suppression de vos donn\u00e9es<\/li>\n\n\n\n<li>Droit d\u2019opposition ou de limitation du traitement<\/li>\n\n\n\n<li>Droit \u00e0 la portabilit\u00e9 de vos donn\u00e9es<\/li>\n\n\n\n<li>Droit d\u2019introduire une r\u00e9clamation aupr\u00e8s de la CNIL<\/li>\n<\/ul>\n\n\n\n<p>Pour exercer vos droits : contactez-nous \u00e0 <strong><a>contact@oscar-havane.com<\/a><\/strong><\/p>\n\n\n\n<h2 class=\"wp-block-heading\">Cookies<\/h2>\n\n\n\n<p>Le site utilise des cookies pour am\u00e9liorer votre exp\u00e9rience de navigation et mesurer l\u2019audience. Vous pouvez accepter, refuser ou param\u00e9trer leur utilisation \u00e0 tout moment via le bandeau pr\u00e9vu \u00e0 cet effet.<\/p>\n\n\n\n<h2 class=\"wp-block-heading\">S\u00e9curit\u00e9<\/h2>\n\n\n\n<p>Nous mettons en \u0153uvre toutes les mesures techniques et organisationnelles n\u00e9cessaires pour prot\u00e9ger vos donn\u00e9es personnelles contre toute perte, acc\u00e8s non autoris\u00e9 ou divulgation.<\/p>\n\n\n\n<h2 class=\"wp-block-heading\">Modifications<\/h2>\n\n\n\n<p>Cette politique peut \u00eatre modifi\u00e9e \u00e0 tout moment pour rester conforme \u00e0 la l\u00e9gislation. La date de derni\u00e8re mise \u00e0 jour sera indiqu\u00e9e en haut de page.<\/p>\n","protected":false},"excerpt":{"rendered":"<p>Derni\u00e8re mise \u00e0 jour : 03\/05\/2025 La pr\u00e9sente politique de confidentialit\u00e9 a pour but d\u2019informer les utilisateurs du site Oscar [&hellip;]<\/p>\n","protected":false},"author":1,"featured_media":0,"parent":0,"menu_order":0,"comment_status":"closed","ping_status":"open","template":"","meta":{"_uag_custom_page_level_css":"","site-sidebar-layout":"default","site-content-layout":"","ast-site-content-layout":"default","site-content-style":"default","site-sidebar-style":"default","ast-global-header-display":"","ast-banner-title-visibility":"","ast-main-header-display":"","ast-hfb-above-header-display":"","ast-hfb-below-header-display":"","ast-hfb-mobile-header-display":"","site-post-title":"","ast-breadcrumbs-content":"","ast-featured-img":"","footer-sml-layout":"","ast-disable-related-posts":"","theme-transparent-header-meta":"","adv-header-id-meta":"","stick-header-meta":"","header-above-stick-meta":"","header-main-stick-meta":"","header-below-stick-meta":"","astra-migrate-meta-layouts":"default","ast-page-background-enabled":"default","ast-page-background-meta":{"desktop":{"background-color":"var(--ast-global-color-5)","background-image":"","background-repeat":"repeat","background-position":"center center","background-size":"auto","background-attachment":"scroll","background-type":"","background-media":"","overlay-type":"","overlay-color":"","overlay-opacity":"","overlay-gradient":""},"tablet":{"background-color":"","background-image":"","background-repeat":"repeat","background-position":"center center","background-size":"auto","background-attachment":"scroll","background-type":"","background-media":"","overlay-type":"","overlay-color":"","overlay-opacity":"","overlay-gradient":""},"mobile":{"background-color":"","background-image":"","background-repeat":"repeat","background-position":"center center","background-size":"auto","background-attachment":"scroll","background-type":"","background-media":"","overlay-type":"","overlay-color":"","overlay-opacity":"","overlay-gradient":""}},"ast-content-background-meta":{"desktop":{"background-color":"var(--ast-global-color-4)","background-image":"","background-repeat":"repeat","background-position":"center center","background-size":"auto","background-attachment":"scroll","background-type":"","background-media":"","overlay-type":"","overlay-color":"","overlay-opacity":"","overlay-gradient":""},"tablet":{"background-color":"var(--ast-global-color-4)","background-image":"","background-repeat":"repeat","background-position":"center center","background-size":"auto","background-attachment":"scroll","background-type":"","background-media":"","overlay-type":"","overlay-color":"","overlay-opacity":"","overlay-gradient":""},"mobile":{"background-color":"var(--ast-global-color-4)","background-image":"","background-repeat":"repeat","background-position":"center center","background-size":"auto","background-attachment":"scroll","background-type":"","background-media":"","overlay-type":"","overlay-color":"","overlay-opacity":"","overlay-gradient":""}},"footnotes":""},"class_list":["post-3","page","type-page","status-publish","hentry"],"yoast_head":"<!-- This site is optimized with the Yoast SEO plugin v27.2 - https:\/\/yoast.com\/product\/yoast-seo-wordpress\/ -->\n<title>Politique de confidentialit\u00e9 - Oscar Havane<\/title>\n<meta name=\"robots\" content=\"index, follow, max-snippet:-1, max-image-preview:large, max-video-preview:-1\" \/>\n<link rel=\"canonical\" href=\"https:\/\/oscar-havane.com\/index.php\/politique-de-confidentialite\/\" \/>\n<meta property=\"og:locale\" content=\"en_US\" \/>\n<meta property=\"og:type\" content=\"article\" \/>\n<meta property=\"og:title\" content=\"Politique de confidentialit\u00e9 - Oscar Havane\" \/>\n<meta property=\"og:description\" content=\"Derni\u00e8re mise \u00e0 jour : 03\/05\/2025 La pr\u00e9sente politique de confidentialit\u00e9 a pour but d\u2019informer les utilisateurs du site Oscar [&hellip;]\" \/>\n<meta property=\"og:url\" content=\"https:\/\/oscar-havane.com\/index.php\/politique-de-confidentialite\/\" \/>\n<meta property=\"og:site_name\" content=\"Oscar Havane\" \/>\n<meta property=\"article:modified_time\" content=\"2025-05-03T20:46:42+00:00\" \/>\n<meta name=\"twitter:card\" content=\"summary_large_image\" \/>\n<meta name=\"twitter:label1\" content=\"Est. reading time\" \/>\n\t<meta name=\"twitter:data1\" content=\"2 minutes\" \/>\n<script type=\"application\/ld+json\" class=\"yoast-schema-graph\">{\"@context\":\"https:\/\/schema.org\",\"@graph\":[{\"@type\":\"WebPage\",\"@id\":\"https:\/\/oscar-havane.com\/index.php\/politique-de-confidentialite\/\",\"url\":\"https:\/\/oscar-havane.com\/index.php\/politique-de-confidentialite\/\",\"name\":\"Politique de confidentialit\u00e9 - Oscar Havane\",\"isPartOf\":{\"@id\":\"https:\/\/oscar-havane.com\/#website\"},\"datePublished\":\"2025-04-24T09:32:40+00:00\",\"dateModified\":\"2025-05-03T20:46:42+00:00\",\"breadcrumb\":{\"@id\":\"https:\/\/oscar-havane.com\/index.php\/politique-de-confidentialite\/#breadcrumb\"},\"inLanguage\":\"en-US\",\"potentialAction\":[{\"@type\":\"ReadAction\",\"target\":[\"https:\/\/oscar-havane.com\/index.php\/politique-de-confidentialite\/\"]}]},{\"@type\":\"BreadcrumbList\",\"@id\":\"https:\/\/oscar-havane.com\/index.php\/politique-de-confidentialite\/#breadcrumb\",\"itemListElement\":[{\"@type\":\"ListItem\",\"position\":1,\"name\":\"Accueil\",\"item\":\"https:\/\/oscar-havane.com\/\"},{\"@type\":\"ListItem\",\"position\":2,\"name\":\"Politique de confidentialit\u00e9\"}]},{\"@type\":\"WebSite\",\"@id\":\"https:\/\/oscar-havane.com\/#website\",\"url\":\"https:\/\/oscar-havane.com\/\",\"name\":\"Oscar Havane\",\"description\":\"Montres d&#039;exception\",\"publisher\":{\"@id\":\"https:\/\/oscar-havane.com\/#organization\"},\"potentialAction\":[{\"@type\":\"SearchAction\",\"target\":{\"@type\":\"EntryPoint\",\"urlTemplate\":\"https:\/\/oscar-havane.com\/?s={search_term_string}\"},\"query-input\":{\"@type\":\"PropertyValueSpecification\",\"valueRequired\":true,\"valueName\":\"search_term_string\"}}],\"inLanguage\":\"en-US\"},{\"@type\":\"Organization\",\"@id\":\"https:\/\/oscar-havane.com\/#organization\",\"name\":\"Oscar Havane\",\"url\":\"https:\/\/oscar-havane.com\/\",\"logo\":{\"@type\":\"ImageObject\",\"inLanguage\":\"en-US\",\"@id\":\"https:\/\/oscar-havane.com\/#\/schema\/logo\/image\/\",\"url\":\"https:\/\/oscar-havane.com\/wp-content\/uploads\/2025\/04\/cropped-icone-svg-noire.jpg\",\"contentUrl\":\"https:\/\/oscar-havane.com\/wp-content\/uploads\/2025\/04\/cropped-icone-svg-noire.jpg\",\"width\":512,\"height\":512,\"caption\":\"Oscar Havane\"},\"image\":{\"@id\":\"https:\/\/oscar-havane.com\/#\/schema\/logo\/image\/\"}}]}<\/script>\n<!-- \/ Yoast SEO plugin. -->","yoast_head_json":{"title":"Politique de confidentialit\u00e9 - Oscar Havane","robots":{"index":"index","follow":"follow","max-snippet":"max-snippet:-1","max-image-preview":"max-image-preview:large","max-video-preview":"max-video-preview:-1"},"canonical":"https:\/\/oscar-havane.com\/index.php\/politique-de-confidentialite\/","og_locale":"en_US","og_type":"article","og_title":"Politique de confidentialit\u00e9 - Oscar Havane","og_description":"Derni\u00e8re mise \u00e0 jour : 03\/05\/2025 La pr\u00e9sente politique de confidentialit\u00e9 a pour but d\u2019informer les utilisateurs du site Oscar [&hellip;]","og_url":"https:\/\/oscar-havane.com\/index.php\/politique-de-confidentialite\/","og_site_name":"Oscar Havane","article_modified_time":"2025-05-03T20:46:42+00:00","twitter_card":"summary_large_image","twitter_misc":{"Est. reading time":"2 minutes"},"schema":{"@context":"https:\/\/schema.org","@graph":[{"@type":"WebPage","@id":"https:\/\/oscar-havane.com\/index.php\/politique-de-confidentialite\/","url":"https:\/\/oscar-havane.com\/index.php\/politique-de-confidentialite\/","name":"Politique de confidentialit\u00e9 - Oscar Havane","isPartOf":{"@id":"https:\/\/oscar-havane.com\/#website"},"datePublished":"2025-04-24T09:32:40+00:00","dateModified":"2025-05-03T20:46:42+00:00","breadcrumb":{"@id":"https:\/\/oscar-havane.com\/index.php\/politique-de-confidentialite\/#breadcrumb"},"inLanguage":"en-US","potentialAction":[{"@type":"ReadAction","target":["https:\/\/oscar-havane.com\/index.php\/politique-de-confidentialite\/"]}]},{"@type":"BreadcrumbList","@id":"https:\/\/oscar-havane.com\/index.php\/politique-de-confidentialite\/#breadcrumb","itemListElement":[{"@type":"ListItem","position":1,"name":"Accueil","item":"https:\/\/oscar-havane.com\/"},{"@type":"ListItem","position":2,"name":"Politique de confidentialit\u00e9"}]},{"@type":"WebSite","@id":"https:\/\/oscar-havane.com\/#website","url":"https:\/\/oscar-havane.com\/","name":"Oscar Havane","description":"Montres d&#039;exception","publisher":{"@id":"https:\/\/oscar-havane.com\/#organization"},"potentialAction":[{"@type":"SearchAction","target":{"@type":"EntryPoint","urlTemplate":"https:\/\/oscar-havane.com\/?s={search_term_string}"},"query-input":{"@type":"PropertyValueSpecification","valueRequired":true,"valueName":"search_term_string"}}],"inLanguage":"en-US"},{"@type":"Organization","@id":"https:\/\/oscar-havane.com\/#organization","name":"Oscar Havane","url":"https:\/\/oscar-havane.com\/","logo":{"@type":"ImageObject","inLanguage":"en-US","@id":"https:\/\/oscar-havane.com\/#\/schema\/logo\/image\/","url":"https:\/\/oscar-havane.com\/wp-content\/uploads\/2025\/04\/cropped-icone-svg-noire.jpg","contentUrl":"https:\/\/oscar-havane.com\/wp-content\/uploads\/2025\/04\/cropped-icone-svg-noire.jpg","width":512,"height":512,"caption":"Oscar Havane"},"image":{"@id":"https:\/\/oscar-havane.com\/#\/schema\/logo\/image\/"}}]}},"uagb_featured_image_src":{"full":false,"thumbnail":false,"medium":false,"medium_large":false,"large":false,"1536x1536":false,"2048x2048":false,"mailpoet_newsletter_max":false,"woocommerce_thumbnail":false,"woocommerce_single":false,"woocommerce_gallery_thumbnail":false},"uagb_author_info":{"display_name":"admin9530","author_link":"https:\/\/oscar-havane.com\/index.php\/author\/admin9530\/"},"uagb_comment_info":0,"uagb_excerpt":"Derni\u00e8re mise \u00e0 jour : 03\/05\/2025 La pr\u00e9sente politique de confidentialit\u00e9 a pour but d\u2019informer les utilisateurs du site Oscar [&hellip;]","_links":{"self":[{"href":"https:\/\/oscar-havane.com\/index.php\/wp-json\/wp\/v2\/pages\/3","targetHints":{"allow":["GET"]}}],"collection":[{"href":"https:\/\/oscar-havane.com\/index.php\/wp-json\/wp\/v2\/pages"}],"about":[{"href":"https:\/\/oscar-havane.com\/index.php\/wp-json\/wp\/v2\/types\/page"}],"author":[{"embeddable":true,"href":"https:\/\/oscar-havane.com\/index.php\/wp-json\/wp\/v2\/users\/1"}],"replies":[{"embeddable":true,"href":"https:\/\/oscar-havane.com\/index.php\/wp-json\/wp\/v2\/comments?post=3"}],"version-history":[{"count":1,"href":"https:\/\/oscar-havane.com\/index.php\/wp-json\/wp\/v2\/pages\/3\/revisions"}],"predecessor-version":[{"id":179,"href":"https:\/\/oscar-havane.com\/index.php\/wp-json\/wp\/v2\/pages\/3\/revisions\/179"}],"wp:attachment":[{"href":"https:\/\/oscar-havane.com\/index.php\/wp-json\/wp\/v2\/media?parent=3"}],"curies":[{"name":"wp","href":"https:\/\/api.w.org\/{rel}","templated":true}]}}